{"id":146,"date":"2021-06-03T06:19:38","date_gmt":"2021-06-03T06:19:38","guid":{"rendered":"https:\/\/fundceri.org\/regeneracion-democratica\/contact\/"},"modified":"2021-06-03T06:19:38","modified_gmt":"2021-06-03T06:19:38","slug":"contact","status":"publish","type":"page","link":"https:\/\/fundceri.org\/regeneracion-democratica\/contact\/","title":{"rendered":"Contact"},"content":{"rendered":"\t\t<div data-elementor-type=\"wp-page\" data-elementor-id=\"146\" class=\"elementor elementor-146\" data-elementor-post-type=\"page\">\n\t\t\t\t\t\t<section class=\"elementor-section elementor-top-section elementor-element elementor-element-cd9983f elementor-section-boxed elementor-section-height-default elementor-section-height-default\" data-id=\"cd9983f\" data-element_type=\"section\" data-settings=\"{&quot;background_background&quot;:&quot;classic&quot;}\">\n\t\t\t\t\t\t<div class=\"elementor-container elementor-column-gap-no\">\n\t\t\t\t\t<div class=\"aux-parallax-section elementor-column elementor-col-100 elementor-top-column elementor-element elementor-element-a0f293b\" data-id=\"a0f293b\" data-element_type=\"column\">\n\t\t\t<div class=\"elementor-widget-wrap elementor-element-populated\">\n\t\t\t\t\t\t<div class=\"elementor-element elementor-element-b3fb469 aux-appear-watch-animation aux-scale-down elementor-widget elementor-widget-aux_modern_heading\" data-id=\"b3fb469\" data-element_type=\"widget\" data-widget_type=\"aux_modern_heading.default\">\n\t\t\t\t<div class=\"elementor-widget-container\">\n\t\t\t<section class=\"aux-widget-modern-heading\">\n            <div class=\"aux-widget-inner\"><h2 class=\"aux-modern-heading-primary\">COntact us<\/h2><\/div>\n        <\/section>\t\t<\/div>\n\t\t\t\t<\/div>\n\t\t\t\t\t<\/div>\n\t\t<\/div>\n\t\t\t\t\t<\/div>\n\t\t<\/section>\n\t\t\t\t<section class=\"elementor-section elementor-top-section elementor-element elementor-element-25a7d83 elementor-section-full_width elementor-section-height-default elementor-section-height-default\" data-id=\"25a7d83\" data-element_type=\"section\">\n\t\t\t\t\t\t<div class=\"elementor-container elementor-column-gap-no\">\n\t\t\t\t\t<div class=\"aux-parallax-section elementor-column elementor-col-100 elementor-top-column elementor-element elementor-element-762b1f6\" data-id=\"762b1f6\" data-element_type=\"column\">\n\t\t\t<div class=\"elementor-widget-wrap elementor-element-populated\">\n\t\t\t\t\t\t<div class=\"aux-scroll-anim elementor-element elementor-element-bcf50bd elementor-widget__width-auto elementor-widget elementor-widget-aux_simple_svg\" data-move-in=\"moveVertical\" data-move-out=\"moveVertical\" data-axis-x=\"200\" data-axis-y=\"45\" data-rotate=\"90\" data-scale=\"1\" data-vp-top=\"0.5\" data-vp-bot=\"0.5\" data-el-top=\"0.2\" data-scroll-animation-off=\"1024\" data-id=\"bcf50bd\" data-element_type=\"widget\" data-widget_type=\"aux_simple_svg.default\">\n\t\t\t\t<div class=\"elementor-widget-container\">\n\t\t\t    <div class=\"aux-widget-container aux-simple-svg-container\">\n        <div class=\"aux-widget-container-inner\">\n            <div class=\"aux-the-svg\"><svg xmlns=\"http:\/\/www.w3.org\/2000\/svg\" width=\"77.84\" height=\"101.407\" viewBox=\"0 0 77.84 101.407\">\n  <rect id=\"Rectangle_660\" data-name=\"Rectangle 660\" width=\"10.9\" height=\"117.427\" transform=\"matrix(0.809, 0.588, -0.588, 0.809, 69.022, 0)\" fill=\"#fd4a4a\" \/>\n<\/svg><\/div>\n        <\/div>\n    <\/div>\n    \t\t<\/div>\n\t\t\t\t<\/div>\n\t\t\t\t<div class=\"aux-scroll-anim elementor-element elementor-element-665387f elementor-widget__width-auto elementor-widget elementor-widget-aux_simple_svg\" data-move-in=\"moveVertical\" data-move-out=\"moveVertical\" data-axis-x=\"200\" data-axis-y=\"35\" data-rotate=\"90\" data-scale=\"1\" data-vp-top=\"0.5\" data-vp-bot=\"0.5\" data-el-top=\"0.2\" data-scroll-animation-off=\"1024\" data-id=\"665387f\" data-element_type=\"widget\" data-widget_type=\"aux_simple_svg.default\">\n\t\t\t\t<div class=\"elementor-widget-container\">\n\t\t\t    <div class=\"aux-widget-container aux-simple-svg-container\">\n        <div class=\"aux-widget-container-inner\">\n            <div class=\"aux-the-svg\"><svg xmlns=\"http:\/\/www.w3.org\/2000\/svg\" width=\"121.634\" height=\"161.685\" viewBox=\"0 0 121.634 161.685\">\n  <rect id=\"Rectangle_659\" data-name=\"Rectangle 659\" width=\"10.9\" height=\"191.935\" transform=\"matrix(0.809, 0.588, -0.588, 0.809, 112.816, 0)\" fill=\"#dcdcdc\" \/>\n<\/svg><\/div>\n        <\/div>\n    <\/div>\n    \t\t<\/div>\n\t\t\t\t<\/div>\n\t\t\t\t\t<\/div>\n\t\t<\/div>\n\t\t\t\t\t<\/div>\n\t\t<\/section>\n\t\t\t\t<section class=\"elementor-section elementor-top-section elementor-element elementor-element-d0d3863 elementor-section-boxed elementor-section-height-default elementor-section-height-default\" data-id=\"d0d3863\" data-element_type=\"section\">\n\t\t\t\t\t\t<div class=\"elementor-container elementor-column-gap-no\">\n\t\t\t\t\t<div class=\"aux-parallax-section elementor-column elementor-col-50 elementor-top-column elementor-element elementor-element-375a439\" data-id=\"375a439\" data-element_type=\"column\">\n\t\t\t<div class=\"elementor-widget-wrap elementor-element-populated\">\n\t\t\t\t\t\t<div class=\"elementor-element elementor-element-f74410f aux-appear-watch-animation aux-fade-in-up elementor-widget elementor-widget-aux_modern_heading\" data-id=\"f74410f\" data-element_type=\"widget\" data-widget_type=\"aux_modern_heading.default\">\n\t\t\t\t<div class=\"elementor-widget-container\">\n\t\t\t<section class=\"aux-widget-modern-heading\">\n            <div class=\"aux-widget-inner\"><h2 class=\"aux-modern-heading-primary\">Contact us<\/h2><h3 class=\"aux-modern-heading-secondary\"><span class=\"aux-head-highlight\">How To Connect<\/span><\/h3><div class=\"aux-modern-heading-description\"><p>enjoy with my whole heart.A wonderful serenity has taken possession of my entire soul, like these sweet mornings.<\/p><\/div><\/div>\n        <\/section>\t\t<\/div>\n\t\t\t\t<\/div>\n\t\t\t\t<div class=\"elementor-element elementor-element-9efe6a7 aux-appear-watch-animation aux-fade-in-up elementor-widget elementor-widget-aux_contact_form\" data-id=\"9efe6a7\" data-element_type=\"widget\" data-widget_type=\"aux_contact_form.default\">\n\t\t\t\t<div class=\"elementor-widget-container\">\n\t\t\t<section class=\"widget-container aux-widget-contact-form aux-parent-au1765059a\">            <div class=\"aux-col-wrapper aux-no-gutter\">\n            <!-- @TODO - The output for element here -->\n\n            \n<div class=\"wpcf7 no-js\" id=\"wpcf7-f125-o1\" lang=\"en-US\" dir=\"ltr\" data-wpcf7-id=\"125\">\n<div class=\"screen-reader-response\"><p role=\"status\" aria-live=\"polite\" aria-atomic=\"true\"><\/p> <ul><\/ul><\/div>\n<form action=\"\/regeneracion-democratica\/wp-json\/wp\/v2\/pages\/146#wpcf7-f125-o1\" method=\"post\" class=\"wpcf7-form init\" aria-label=\"Contact form\" novalidate=\"novalidate\" data-status=\"init\">\n<fieldset class=\"hidden-fields-container\"><input type=\"hidden\" name=\"_wpcf7\" value=\"125\" \/><input type=\"hidden\" name=\"_wpcf7_version\" value=\"6.1.5\" \/><input type=\"hidden\" name=\"_wpcf7_locale\" value=\"en_US\" \/><input type=\"hidden\" name=\"_wpcf7_unit_tag\" value=\"wpcf7-f125-o1\" \/><input type=\"hidden\" name=\"_wpcf7_container_post\" value=\"0\" \/><input type=\"hidden\" name=\"_wpcf7_posted_data_hash\" value=\"\" \/>\n<\/fieldset>\n<p><span class=\"wpcf7-form-control-wrap\" data-name=\"text-438\"><input size=\"40\" maxlength=\"400\" class=\"wpcf7-form-control wpcf7-text wpcf7-validates-as-required\" aria-required=\"true\" aria-invalid=\"false\" placeholder=\"Nombre completo (required)\" value=\"\" type=\"text\" name=\"text-438\" \/><\/span><br \/>\n<span class=\"wpcf7-form-control-wrap\" data-name=\"text-438\"><input size=\"40\" maxlength=\"400\" class=\"wpcf7-form-control wpcf7-text wpcf7-validates-as-required\" aria-required=\"true\" aria-invalid=\"false\" placeholder=\"Correo electr\u00f3nico*\" value=\"\" type=\"text\" name=\"text-438\" \/><\/span><br \/>\n<span class=\"wpcf7-form-control-wrap\" data-name=\"textarea-669\"><textarea cols=\"40\" rows=\"10\" maxlength=\"2000\" class=\"wpcf7-form-control wpcf7-textarea wpcf7-validates-as-required\" aria-required=\"true\" aria-invalid=\"false\" placeholder=\"Comentarios*\" name=\"textarea-669\"><\/textarea><\/span><br \/>\n<input class=\"wpcf7-form-control wpcf7-submit has-spinner\" type=\"submit\" value=\"Enviar\" \/>\n<\/p><div class=\"wpcf7-response-output\" aria-hidden=\"true\"><\/div>\n<\/form>\n<\/div>\n\n\n            <\/div><!-- aux-col-wrapper -->\n    <\/section><!-- widget-container -->\t\t<\/div>\n\t\t\t\t<\/div>\n\t\t\t\t\t<\/div>\n\t\t<\/div>\n\t\t\t\t<div class=\"aux-parallax-section elementor-column elementor-col-50 elementor-top-column elementor-element elementor-element-42a92fc\" data-id=\"42a92fc\" data-element_type=\"column\">\n\t\t\t<div class=\"elementor-widget-wrap elementor-element-populated\">\n\t\t\t\t\t\t<div class=\"elementor-element elementor-element-c2617d8 aux-appear-watch-animation aux-fade-in elementor-widget elementor-widget-aux_gmap\" data-id=\"c2617d8\" data-element_type=\"widget\" data-widget_type=\"aux_gmap.default\">\n\t\t\t\t<div class=\"elementor-widget-container\">\n\t\t\t            <div class=\"elementor-alert elementor-alert-danger\" role=\"alert\">\n                <span class=\"elementor-alert-title\">\n                    Google Maps API Key Is Missing.                <\/span>\n                <span class=\"elementor-alert-description\">\n                    In order to use google maps on your website, you have to create an api key and insert it in customizer &quot;Google Maps API Key&quot; field.                <\/span>\n            <\/div>\n        \t\t<\/div>\n\t\t\t\t<\/div>\n\t\t\t\t<section class=\"elementor-section elementor-inner-section elementor-element elementor-element-be133a3 elementor-section-boxed elementor-section-height-default elementor-section-height-default\" data-id=\"be133a3\" data-element_type=\"section\" data-settings=\"{&quot;background_background&quot;:&quot;classic&quot;}\">\n\t\t\t\t\t\t<div class=\"elementor-container elementor-column-gap-no\">\n\t\t\t\t\t<div class=\"aux-parallax-section elementor-column elementor-col-33 elementor-inner-column elementor-element elementor-element-e58f734\" data-id=\"e58f734\" data-element_type=\"column\">\n\t\t\t<div class=\"elementor-widget-wrap elementor-element-populated\">\n\t\t\t\t\t\t<div class=\"elementor-element elementor-element-c6f1fd1 elementor-widget elementor-widget-aux_text\" data-id=\"c6f1fd1\" data-element_type=\"widget\" data-widget_type=\"aux_text.default\">\n\t\t\t\t<div class=\"elementor-widget-container\">\n\t\t\t<section class=\"widget-container aux-widget-text aux-parent-aufd2f75c7\">        <div class=\"aux-widget-advanced-text aux-wrap-style-simple aux-ico-pos-top aux-text-left aux-text-resp- aux-text-color-dark aux-text-widget-bg-center  \" >\n        \n            \n            <div class=\"aux-text-inner aux-text-widget-content\">\n                                <h4 class=\"col-title\">Phone:<\/h4>\n                                <div class=\"widget-content\">\n                                        <p>+123 4567 890-5<\/p><p>+123 4567 750-3<\/p>                <\/div>\n                            <\/div>\n        <\/div>\n                    <div class=\"aux-text-widget-footer\">\n                <div class=\"aux-border-shape-none \">\n                                <\/div>\n            <\/div>\n        \n<\/section><!-- widget-container -->\t\t<\/div>\n\t\t\t\t<\/div>\n\t\t\t\t\t<\/div>\n\t\t<\/div>\n\t\t\t\t<div class=\"aux-parallax-section elementor-column elementor-col-33 elementor-inner-column elementor-element elementor-element-1c79eb0\" data-id=\"1c79eb0\" data-element_type=\"column\">\n\t\t\t<div class=\"elementor-widget-wrap elementor-element-populated\">\n\t\t\t\t\t\t<div class=\"elementor-element elementor-element-49c9652 elementor-widget elementor-widget-aux_text\" data-id=\"49c9652\" data-element_type=\"widget\" data-widget_type=\"aux_text.default\">\n\t\t\t\t<div class=\"elementor-widget-container\">\n\t\t\t<section class=\"widget-container aux-widget-text aux-parent-au2c6cc65f\">        <div class=\"aux-widget-advanced-text aux-wrap-style-simple aux-ico-pos-top aux-text-left aux-text-resp- aux-text-color-dark aux-text-widget-bg-center  \" >\n        \n            \n            <div class=\"aux-text-inner aux-text-widget-content\">\n                                <h4 class=\"col-title\">Address:<\/h4>\n                                <div class=\"widget-content\">\n                                        <p>Patricia C. Amedee 41 Waldeck Grapevine Nashville, TX 76<\/p>                <\/div>\n                            <\/div>\n        <\/div>\n                    <div class=\"aux-text-widget-footer\">\n                <div class=\"aux-border-shape-none \">\n                                <\/div>\n            <\/div>\n        \n<\/section><!-- widget-container -->\t\t<\/div>\n\t\t\t\t<\/div>\n\t\t\t\t\t<\/div>\n\t\t<\/div>\n\t\t\t\t<div class=\"aux-parallax-section elementor-column elementor-col-33 elementor-inner-column elementor-element elementor-element-a0c54a1\" data-id=\"a0c54a1\" data-element_type=\"column\">\n\t\t\t<div class=\"elementor-widget-wrap elementor-element-populated\">\n\t\t\t\t\t\t<div class=\"elementor-element elementor-element-a1610c9 elementor-widget elementor-widget-aux_text\" data-id=\"a1610c9\" data-element_type=\"widget\" data-widget_type=\"aux_text.default\">\n\t\t\t\t<div class=\"elementor-widget-container\">\n\t\t\t<section class=\"widget-container aux-widget-text aux-parent-au1db3f5b8\">        <div class=\"aux-widget-advanced-text aux-wrap-style-simple aux-ico-pos-top aux-text-left aux-text-resp- aux-text-color-dark aux-text-widget-bg-center  \" >\n        \n            \n            <div class=\"aux-text-inner aux-text-widget-content\">\n                                <h4 class=\"col-title\">Email:<\/h4>\n                                <div class=\"widget-content\">\n                                        <p>info@yourdomain.com<\/p>                <\/div>\n                            <\/div>\n        <\/div>\n                    <div class=\"aux-text-widget-footer\">\n                <div class=\"aux-border-shape-none \">\n                                <\/div>\n            <\/div>\n        \n<\/section><!-- widget-container -->\t\t<\/div>\n\t\t\t\t<\/div>\n\t\t\t\t\t<\/div>\n\t\t<\/div>\n\t\t\t\t\t<\/div>\n\t\t<\/section>\n\t\t\t\t\t<\/div>\n\t\t<\/div>\n\t\t\t\t\t<\/div>\n\t\t<\/section>\n\t\t\t\t<\/div>\n\t\t","protected":false},"excerpt":{"rendered":"<p>COntact us Contact us How To Connect enjoy with my whole heart.A wonderful serenity has taken possession of my entire soul, like these sweet mornings. Phone: +123 4567 890-5 +123 4567 750-3 Address: Patricia C. Amedee 41 Waldeck Grapevine Nashville, TX 76 Email: info@yourdomain.com<\/p>\n","protected":false},"author":1,"featured_media":0,"parent":0,"menu_order":0,"comment_status":"closed","ping_status":"closed","template":"templates\/page-builder-content.php","meta":{"footnotes":""},"class_list":["post-146","page","type-page","status-publish","hentry"],"yoast_head":"<!-- This site is optimized with the Yoast SEO Premium plugin v27.4 (Yoast SEO v27.4) - https:\/\/yoast.com\/product\/yoast-seo-premium-wordpress\/ -->\n<title>Contact - Regeneraci\u00f3n democr\u00e1tica - Fundceri<\/title>\n<meta name=\"robots\" content=\"index, follow, max-snippet:-1, max-image-preview:large, max-video-preview:-1\" \/>\n<link rel=\"canonical\" href=\"https:\/\/fundceri.org\/regeneracion-democratica\/contact\/\" \/>\n<meta property=\"og:locale\" content=\"es_ES\" \/>\n<meta property=\"og:type\" content=\"article\" \/>\n<meta property=\"og:title\" content=\"Contact\" \/>\n<meta property=\"og:description\" content=\"COntact us Contact us How To Connect enjoy with my whole heart.A wonderful serenity has taken possession of my entire soul, like these sweet mornings. Phone: +123 4567 890-5 +123 4567 750-3 Address: Patricia C. Amedee 41 Waldeck Grapevine Nashville, TX 76 Email: info@yourdomain.com\" \/>\n<meta property=\"og:url\" content=\"https:\/\/fundceri.org\/regeneracion-democratica\/contact\/\" \/>\n<meta property=\"og:site_name\" content=\"Regeneraci\u00f3n democr\u00e1tica - Fundceri\" \/>\n<meta property=\"article:publisher\" content=\"https:\/\/www.facebook.com\/Fundceri\/\" \/>\n<meta name=\"twitter:card\" content=\"summary_large_image\" \/>\n<meta name=\"twitter:site\" content=\"@fundceri\" \/>\n<script type=\"application\/ld+json\" class=\"yoast-schema-graph\">{\"@context\":\"https:\\\/\\\/schema.org\",\"@graph\":[{\"@type\":\"WebPage\",\"@id\":\"https:\\\/\\\/fundceri.org\\\/regeneracion-democratica\\\/contact\\\/\",\"url\":\"https:\\\/\\\/fundceri.org\\\/regeneracion-democratica\\\/contact\\\/\",\"name\":\"Contact - Regeneraci\u00f3n democr\u00e1tica - Fundceri\",\"isPartOf\":{\"@id\":\"https:\\\/\\\/fundceri.org\\\/regeneracion-democratica\\\/#website\"},\"datePublished\":\"2021-06-03T06:19:38+00:00\",\"breadcrumb\":{\"@id\":\"https:\\\/\\\/fundceri.org\\\/regeneracion-democratica\\\/contact\\\/#breadcrumb\"},\"inLanguage\":\"es\",\"potentialAction\":[{\"@type\":\"ReadAction\",\"target\":[\"https:\\\/\\\/fundceri.org\\\/regeneracion-democratica\\\/contact\\\/\"]}]},{\"@type\":\"BreadcrumbList\",\"@id\":\"https:\\\/\\\/fundceri.org\\\/regeneracion-democratica\\\/contact\\\/#breadcrumb\",\"itemListElement\":[{\"@type\":\"ListItem\",\"position\":1,\"name\":\"Portada\",\"item\":\"https:\\\/\\\/fundceri.org\\\/regeneracion-democratica\\\/\"},{\"@type\":\"ListItem\",\"position\":2,\"name\":\"Contact\"}]},{\"@type\":\"WebSite\",\"@id\":\"https:\\\/\\\/fundceri.org\\\/regeneracion-democratica\\\/#website\",\"url\":\"https:\\\/\\\/fundceri.org\\\/regeneracion-democratica\\\/\",\"name\":\"Regeneraci\u00f3n Democr\u00e1tica | Jornadas Fundceri | 24 abril Badajoz\",\"description\":\"Encuentro sobre polarizaci\u00f3n, instituciones y futuro democr\u00e1tico. 24 abril en Badajoz. Reserva plaza.\",\"publisher\":{\"@id\":\"https:\\\/\\\/fundceri.org\\\/regeneracion-democratica\\\/#organization\"},\"potentialAction\":[{\"@type\":\"SearchAction\",\"target\":{\"@type\":\"EntryPoint\",\"urlTemplate\":\"https:\\\/\\\/fundceri.org\\\/regeneracion-democratica\\\/?s={search_term_string}\"},\"query-input\":{\"@type\":\"PropertyValueSpecification\",\"valueRequired\":true,\"valueName\":\"search_term_string\"}}],\"inLanguage\":\"es\"},{\"@type\":\"Organization\",\"@id\":\"https:\\\/\\\/fundceri.org\\\/regeneracion-democratica\\\/#organization\",\"name\":\"Fundceri\",\"url\":\"https:\\\/\\\/fundceri.org\\\/regeneracion-democratica\\\/\",\"logo\":{\"@type\":\"ImageObject\",\"inLanguage\":\"es\",\"@id\":\"https:\\\/\\\/fundceri.org\\\/regeneracion-democratica\\\/#\\\/schema\\\/logo\\\/image\\\/\",\"url\":\"https:\\\/\\\/fundceri.org\\\/regeneracion-democratica\\\/wp-content\\\/uploads\\\/2026\\\/04\\\/cropped-Icono-Fundceri.png\",\"contentUrl\":\"https:\\\/\\\/fundceri.org\\\/regeneracion-democratica\\\/wp-content\\\/uploads\\\/2026\\\/04\\\/cropped-Icono-Fundceri.png\",\"width\":512,\"height\":512,\"caption\":\"Fundceri\"},\"image\":{\"@id\":\"https:\\\/\\\/fundceri.org\\\/regeneracion-democratica\\\/#\\\/schema\\\/logo\\\/image\\\/\"},\"sameAs\":[\"https:\\\/\\\/www.facebook.com\\\/Fundceri\\\/\",\"https:\\\/\\\/x.com\\\/fundceri\",\"https:\\\/\\\/www.instagram.com\\\/fundceri_\\\/\"]}]}<\/script>\n<!-- \/ Yoast SEO Premium plugin. -->","yoast_head_json":{"title":"Contact - Regeneraci\u00f3n democr\u00e1tica - Fundceri","robots":{"index":"index","follow":"follow","max-snippet":"max-snippet:-1","max-image-preview":"max-image-preview:large","max-video-preview":"max-video-preview:-1"},"canonical":"https:\/\/fundceri.org\/regeneracion-democratica\/contact\/","og_locale":"es_ES","og_type":"article","og_title":"Contact","og_description":"COntact us Contact us How To Connect enjoy with my whole heart.A wonderful serenity has taken possession of my entire soul, like these sweet mornings. Phone: +123 4567 890-5 +123 4567 750-3 Address: Patricia C. Amedee 41 Waldeck Grapevine Nashville, TX 76 Email: info@yourdomain.com","og_url":"https:\/\/fundceri.org\/regeneracion-democratica\/contact\/","og_site_name":"Regeneraci\u00f3n democr\u00e1tica - Fundceri","article_publisher":"https:\/\/www.facebook.com\/Fundceri\/","twitter_card":"summary_large_image","twitter_site":"@fundceri","schema":{"@context":"https:\/\/schema.org","@graph":[{"@type":"WebPage","@id":"https:\/\/fundceri.org\/regeneracion-democratica\/contact\/","url":"https:\/\/fundceri.org\/regeneracion-democratica\/contact\/","name":"Contact - Regeneraci\u00f3n democr\u00e1tica - Fundceri","isPartOf":{"@id":"https:\/\/fundceri.org\/regeneracion-democratica\/#website"},"datePublished":"2021-06-03T06:19:38+00:00","breadcrumb":{"@id":"https:\/\/fundceri.org\/regeneracion-democratica\/contact\/#breadcrumb"},"inLanguage":"es","potentialAction":[{"@type":"ReadAction","target":["https:\/\/fundceri.org\/regeneracion-democratica\/contact\/"]}]},{"@type":"BreadcrumbList","@id":"https:\/\/fundceri.org\/regeneracion-democratica\/contact\/#breadcrumb","itemListElement":[{"@type":"ListItem","position":1,"name":"Portada","item":"https:\/\/fundceri.org\/regeneracion-democratica\/"},{"@type":"ListItem","position":2,"name":"Contact"}]},{"@type":"WebSite","@id":"https:\/\/fundceri.org\/regeneracion-democratica\/#website","url":"https:\/\/fundceri.org\/regeneracion-democratica\/","name":"Regeneraci\u00f3n Democr\u00e1tica | Jornadas Fundceri | 24 abril Badajoz","description":"Encuentro sobre polarizaci\u00f3n, instituciones y futuro democr\u00e1tico. 24 abril en Badajoz. Reserva plaza.","publisher":{"@id":"https:\/\/fundceri.org\/regeneracion-democratica\/#organization"},"potentialAction":[{"@type":"SearchAction","target":{"@type":"EntryPoint","urlTemplate":"https:\/\/fundceri.org\/regeneracion-democratica\/?s={search_term_string}"},"query-input":{"@type":"PropertyValueSpecification","valueRequired":true,"valueName":"search_term_string"}}],"inLanguage":"es"},{"@type":"Organization","@id":"https:\/\/fundceri.org\/regeneracion-democratica\/#organization","name":"Fundceri","url":"https:\/\/fundceri.org\/regeneracion-democratica\/","logo":{"@type":"ImageObject","inLanguage":"es","@id":"https:\/\/fundceri.org\/regeneracion-democratica\/#\/schema\/logo\/image\/","url":"https:\/\/fundceri.org\/regeneracion-democratica\/wp-content\/uploads\/2026\/04\/cropped-Icono-Fundceri.png","contentUrl":"https:\/\/fundceri.org\/regeneracion-democratica\/wp-content\/uploads\/2026\/04\/cropped-Icono-Fundceri.png","width":512,"height":512,"caption":"Fundceri"},"image":{"@id":"https:\/\/fundceri.org\/regeneracion-democratica\/#\/schema\/logo\/image\/"},"sameAs":["https:\/\/www.facebook.com\/Fundceri\/","https:\/\/x.com\/fundceri","https:\/\/www.instagram.com\/fundceri_\/"]}]}},"_links":{"self":[{"href":"https:\/\/fundceri.org\/regeneracion-democratica\/wp-json\/wp\/v2\/pages\/146","targetHints":{"allow":["GET"]}}],"collection":[{"href":"https:\/\/fundceri.org\/regeneracion-democratica\/wp-json\/wp\/v2\/pages"}],"about":[{"href":"https:\/\/fundceri.org\/regeneracion-democratica\/wp-json\/wp\/v2\/types\/page"}],"author":[{"embeddable":true,"href":"https:\/\/fundceri.org\/regeneracion-democratica\/wp-json\/wp\/v2\/users\/1"}],"replies":[{"embeddable":true,"href":"https:\/\/fundceri.org\/regeneracion-democratica\/wp-json\/wp\/v2\/comments?post=146"}],"version-history":[{"count":0,"href":"https:\/\/fundceri.org\/regeneracion-democratica\/wp-json\/wp\/v2\/pages\/146\/revisions"}],"wp:attachment":[{"href":"https:\/\/fundceri.org\/regeneracion-democratica\/wp-json\/wp\/v2\/media?parent=146"}],"curies":[{"name":"wp","href":"https:\/\/api.w.org\/{rel}","templated":true}]}}